{"id":127,"date":"2021-03-15T15:57:12","date_gmt":"2021-03-15T14:57:12","guid":{"rendered":"http:\/\/wordpress.lff.de.w0173c86.kasserver.com\/?page_id=127"},"modified":"2021-11-11T11:48:33","modified_gmt":"2021-11-11T10:48:33","slug":"tube38-led-endless","status":"publish","type":"page","link":"https:\/\/www.lff.de\/en\/produkte\/tube38-led-endless\/","title":{"rendered":"Tube38 LED endless"},"content":{"rendered":"<div class=\"fusion-fullwidth fullwidth-box fusion-builder-row-1 fusion-flex-container nonhundred-percent-fullwidth non-hundred-percent-height-scrolling\" style=\"background-color: rgba(255,255,255,0);background-position: center center;background-repeat: no-repeat;border-width: 0px 0px 0px 0px;border-color:#e2e2e2;border-style:solid;\" ><div class=\"fusion-builder-row fusion-row fusion-flex-align-items-flex-start\" style=\"max-width:1248px;margin-left: calc(-4% \/ 2 );margin-right: calc(-4% \/ 2 );\"><div class=\"fusion-layout-column fusion_builder_column fusion-builder-column-0 fusion_builder_column_1_3 1_3 fusion-flex-column\"><div class=\"fusion-column-wrapper fusion-flex-justify-content-flex-start fusion-content-layout-column\" style=\"background-position:left top;background-repeat:no-repeat;-webkit-background-size:cover;-moz-background-size:cover;-o-background-size:cover;background-size:cover;padding: 0px 0px 0px 0px;\"><div ><span class=\" fusion-imageframe imageframe-none imageframe-1 hover-type-none fusion-no-small-visibility\"><a href=\"https:\/\/www.lff.de\/wp-content\/uploads\/2021\/03\/Tresen-cut-big-scaled.jpg\" class=\"fusion-lightbox\" data-rel=\"iLightbox[a64986683ec1e90577a]\" data-title=\"Tresen-cut-big\" title=\"Tresen-cut-big\"><img width=\"2560\" height=\"2332\" alt=\"Tube 38 LED endless Tresen-cut-big\" src=\"https:\/\/www.lff.de\/wp-content\/uploads\/2021\/03\/Tresen-cut-big-scaled.jpg\" class=\"img-responsive wp-image-135\" srcset=\"https:\/\/www.lff.de\/wp-content\/uploads\/2021\/03\/Tresen-cut-big-200x182.jpg 200w, https:\/\/www.lff.de\/wp-content\/uploads\/2021\/03\/Tresen-cut-big-400x364.jpg 400w, https:\/\/www.lff.de\/wp-content\/uploads\/2021\/03\/Tresen-cut-big-600x546.jpg 600w, https:\/\/www.lff.de\/wp-content\/uploads\/2021\/03\/Tresen-cut-big-800x729.jpg 800w, https:\/\/www.lff.de\/wp-content\/uploads\/2021\/03\/Tresen-cut-big-1200x1093.jpg 1200w, https:\/\/www.lff.de\/wp-content\/uploads\/2021\/03\/Tresen-cut-big-scaled.jpg 2560w\" sizes=\"(max-width: 640px) 100vw, 400px\" \/><\/a><\/span><\/div><div class=\"fusion-separator fusion-full-width-sep\" style=\"align-self: center;margin-left: auto;margin-right: auto;margin-top:50px;width:100%;\"><\/div><style type=\"text\/css\">.fusion-gallery-1 .fusion-gallery-image {border:0px solid #e2e2e2;}<\/style><div class=\"fusion-gallery fusion-gallery-container fusion-grid-3 fusion-columns-total-11 fusion-gallery-layout-grid fusion-gallery-1\" style=\"margin:-5px;\"><div style=\"padding:5px;\" class=\"fusion-grid-column fusion-gallery-column fusion-gallery-column-3 hover-type-none\"><div class=\"fusion-gallery-image\"><a href=\"https:\/\/www.lff.de\/wp-content\/uploads\/2021\/04\/Tresen-cut-big-1-scaled.jpg\" rel=\"noreferrer\" data-rel=\"iLightbox[gallery_image_1]\" class=\"fusion-lightbox\" target=\"_self\"><img src=\"https:\/\/www.lff.de\/wp-content\/uploads\/2021\/04\/Tresen-cut-big-1-460x295.jpg\" width=\"460\" height=\"295\" alt=\"Tube38 LED endless\" title=\"Tresen-cut-big\" aria-label=\"Tresen-cut-big\" class=\"img-responsive wp-image-1093 fusion-gallery-image-size-fixed\" \/><\/a><\/div><\/div><div style=\"padding:5px;\" class=\"fusion-grid-column fusion-gallery-column fusion-gallery-column-3 hover-type-none\"><div class=\"fusion-gallery-image\"><a href=\"https:\/\/www.lff.de\/wp-content\/uploads\/2021\/04\/Treppe-cut-big.jpg\" rel=\"noreferrer\" data-rel=\"iLightbox[gallery_image_1]\" class=\"fusion-lightbox\" target=\"_self\"><img src=\"https:\/\/www.lff.de\/wp-content\/uploads\/2021\/04\/Treppe-cut-big-460x295.jpg\" width=\"460\" height=\"295\" alt=\"Tube38 LED endless\" title=\"Treppe-cut-big\" aria-label=\"Treppe-cut-big\" class=\"img-responsive wp-image-1092 fusion-gallery-image-size-fixed\" \/><\/a><\/div><\/div><div style=\"padding:5px;\" class=\"fusion-grid-column fusion-gallery-column fusion-gallery-column-3 hover-type-none\"><div class=\"fusion-gallery-image\"><a href=\"https:\/\/www.lff.de\/wp-content\/uploads\/2021\/04\/Tube-38-Eck.jpg\" rel=\"noreferrer\" data-rel=\"iLightbox[gallery_image_1]\" class=\"fusion-lightbox\" target=\"_self\"><img src=\"https:\/\/www.lff.de\/wp-content\/uploads\/2021\/04\/Tube-38-Eck-460x295.jpg\" width=\"460\" height=\"295\" alt=\"Tube38 LED endless\" title=\"Tube-38-Eck\" aria-label=\"Tube-38-Eck\" class=\"img-responsive wp-image-1094 fusion-gallery-image-size-fixed\" \/><\/a><\/div><\/div><div class=\"clearfix\"><\/div><div style=\"padding:5px;\" class=\"fusion-grid-column fusion-gallery-column fusion-gallery-column-3 hover-type-none\"><div class=\"fusion-gallery-image\"><a href=\"https:\/\/www.lff.de\/wp-content\/uploads\/2021\/04\/Tube-38-Eck-lang-scaled.jpg\" rel=\"noreferrer\" data-rel=\"iLightbox[gallery_image_1]\" class=\"fusion-lightbox\" target=\"_self\"><img src=\"https:\/\/www.lff.de\/wp-content\/uploads\/2021\/04\/Tube-38-Eck-lang-460x295.jpg\" width=\"460\" height=\"295\" alt=\"Tube38 LED endless\" title=\"Tube-38-Eck-lang\" aria-label=\"Tube-38-Eck-lang\" class=\"img-responsive wp-image-1095 fusion-gallery-image-size-fixed\" \/><\/a><\/div><\/div><div style=\"padding:5px;\" class=\"fusion-grid-column fusion-gallery-column fusion-gallery-column-3 hover-type-none\"><div class=\"fusion-gallery-image\"><a href=\"https:\/\/www.lff.de\/wp-content\/uploads\/2021\/04\/Tube-38-endless.jpg\" rel=\"noreferrer\" data-rel=\"iLightbox[gallery_image_1]\" class=\"fusion-lightbox\" target=\"_self\"><img src=\"https:\/\/www.lff.de\/wp-content\/uploads\/2021\/04\/Tube-38-endless-460x295.jpg\" width=\"460\" height=\"295\" alt=\"Tube38 LED endless\" title=\"Tube-38-endless\" aria-label=\"Tube-38-endless\" class=\"img-responsive wp-image-1096 fusion-gallery-image-size-fixed\" \/><\/a><\/div><\/div><div style=\"padding:5px;\" class=\"fusion-grid-column fusion-gallery-column fusion-gallery-column-3 hover-type-none\"><div class=\"fusion-gallery-image\"><a href=\"https:\/\/www.lff.de\/wp-content\/uploads\/2021\/04\/Tube-38-Halter.jpg\" rel=\"noreferrer\" data-rel=\"iLightbox[gallery_image_1]\" class=\"fusion-lightbox\" target=\"_self\"><img src=\"https:\/\/www.lff.de\/wp-content\/uploads\/2021\/04\/Tube-38-Halter-460x295.jpg\" width=\"460\" height=\"295\" alt=\"Tube38 LED endless\" title=\"Tube-38-Halter\" aria-label=\"Tube-38-Halter\" class=\"img-responsive wp-image-1097 fusion-gallery-image-size-fixed\" \/><\/a><\/div><\/div><div class=\"clearfix\"><\/div><div style=\"padding:5px;\" class=\"fusion-grid-column fusion-gallery-column fusion-gallery-column-3 hover-type-none\"><div class=\"fusion-gallery-image\"><a href=\"https:\/\/www.lff.de\/wp-content\/uploads\/2021\/04\/Tube-38-netz-01.jpg\" rel=\"noreferrer\" data-rel=\"iLightbox[gallery_image_1]\" class=\"fusion-lightbox\" target=\"_self\"><img src=\"https:\/\/www.lff.de\/wp-content\/uploads\/2021\/04\/Tube-38-netz-01-460x295.jpg\" width=\"460\" height=\"295\" alt=\"Tube38 LED endless\" title=\"Tube-38-netz-01\" aria-label=\"Tube-38-netz-01\" class=\"img-responsive wp-image-1098 fusion-gallery-image-size-fixed\" \/><\/a><\/div><\/div><div style=\"padding:5px;\" class=\"fusion-grid-column fusion-gallery-column fusion-gallery-column-3 hover-type-none\"><div class=\"fusion-gallery-image\"><a href=\"https:\/\/www.lff.de\/wp-content\/uploads\/2021\/04\/Tube-38-netz-02-scaled.jpg\" rel=\"noreferrer\" data-rel=\"iLightbox[gallery_image_1]\" class=\"fusion-lightbox\" target=\"_self\"><img src=\"https:\/\/www.lff.de\/wp-content\/uploads\/2021\/04\/Tube-38-netz-02-460x295.jpg\" width=\"460\" height=\"295\" alt=\"Tube38 LED endless\" title=\"Tube-38-netz-02\" aria-label=\"Tube-38-netz-02\" class=\"img-responsive wp-image-1099 fusion-gallery-image-size-fixed\" \/><\/a><\/div><\/div><div style=\"padding:5px;\" class=\"fusion-grid-column fusion-gallery-column fusion-gallery-column-3 hover-type-none\"><div class=\"fusion-gallery-image\"><a href=\"https:\/\/www.lff.de\/wp-content\/uploads\/2021\/04\/Tube-38-netz-03-scaled.jpg\" rel=\"noreferrer\" data-rel=\"iLightbox[gallery_image_1]\" class=\"fusion-lightbox\" target=\"_self\"><img src=\"https:\/\/www.lff.de\/wp-content\/uploads\/2021\/04\/Tube-38-netz-03-460x295.jpg\" width=\"460\" height=\"295\" alt=\"Tube38 LED endless\" title=\"Tube-38-netz-03\" aria-label=\"Tube-38-netz-03\" class=\"img-responsive wp-image-1100 fusion-gallery-image-size-fixed\" \/><\/a><\/div><\/div><div class=\"clearfix\"><\/div><div style=\"padding:5px;\" class=\"fusion-grid-column fusion-gallery-column fusion-gallery-column-3 hover-type-none\"><div class=\"fusion-gallery-image\"><a href=\"https:\/\/www.lff.de\/wp-content\/uploads\/2021\/04\/68A7508-Bearbeitet-01-1.jpg\" rel=\"noreferrer\" data-rel=\"iLightbox[gallery_image_1]\" class=\"fusion-lightbox\" target=\"_self\"><img src=\"https:\/\/www.lff.de\/wp-content\/uploads\/2021\/04\/68A7508-Bearbeitet-01-1-460x295.jpg\" width=\"460\" height=\"295\" alt=\"Tube38 LED endless\" title=\"_68A7508-Bearbeitet-01\" aria-label=\"_68A7508-Bearbeitet-01\" class=\"img-responsive wp-image-1090 fusion-gallery-image-size-fixed\" \/><\/a><\/div><\/div><div style=\"padding:5px;\" class=\"fusion-grid-column fusion-gallery-column fusion-gallery-column-3 hover-type-none\"><div class=\"fusion-gallery-image\"><a href=\"https:\/\/www.lff.de\/wp-content\/uploads\/2021\/04\/68A7515-Bearbeitet-01.jpg\" rel=\"noreferrer\" data-rel=\"iLightbox[gallery_image_1]\" class=\"fusion-lightbox\" target=\"_self\"><img src=\"https:\/\/www.lff.de\/wp-content\/uploads\/2021\/04\/68A7515-Bearbeitet-01-460x295.jpg\" width=\"460\" height=\"295\" alt=\"Tube38 LED endless\" title=\"_68A7515-Bearbeitet-01\" aria-label=\"_68A7515-Bearbeitet-01\" class=\"img-responsive wp-image-1091 fusion-gallery-image-size-fixed\" \/><\/a><\/div><\/div><\/div><\/div><\/div><style type=\"text\/css\">.fusion-body .fusion-builder-column-0{width:33.3333333333% !important;margin-top : 0px;margin-bottom : 20px;}.fusion-builder-column-0 > .fusion-column-wrapper {padding-top : 0px !important;padding-right : 0px !important;margin-right : 5.76%;padding-bottom : 0px !important;padding-left : 0px !important;margin-left : 5.76%;}@media only screen and (max-width:1024px) {.fusion-body .fusion-builder-column-0{width:33.3333333333% !important;order : 0;}.fusion-builder-column-0 > .fusion-column-wrapper {margin-right : 5.76%;margin-left : 5.76%;}}@media only screen and (max-width:640px) {.fusion-body .fusion-builder-column-0{width:100% !important;order : 0;}.fusion-builder-column-0 > .fusion-column-wrapper {margin-right : 1.92%;margin-left : 1.92%;}}<\/style><div class=\"fusion-layout-column fusion_builder_column fusion-builder-column-1 fusion_builder_column_2_3 2_3 fusion-flex-column\"><div class=\"fusion-column-wrapper fusion-flex-justify-content-flex-start fusion-content-layout-column\" style=\"background-position:left top;background-repeat:no-repeat;-webkit-background-size:cover;-moz-background-size:cover;-o-background-size:cover;background-size:cover;padding: 0px 0px 0px 0px;\"><div class=\"fusion-text fusion-text-1\" style=\"transform:translate3d(0,0,0);\"><p>Tube38 LED endless LED Lichtrohr ohne Ende<\/p>\n<p>Tube 38 Lichtrohre leuchten gleichm\u00e4ssig bis zu den Enden. Die Lichtrohre bis 3000mm L\u00e4nge k\u00f6nnen durchg\u00e4ngig aneinander montiert werden.<br \/>\n90\u00b0 Winkelelemente leuchten auch endlos um die Ecke. Tube 38 wird mit filigranen Haltern befestigt und wirkt wie schwebend an der Wand oder Decke montiert. Verschiedene Einspeise-Elemente f\u00fcr Hohldecken, Beton und Mauerwerk werden f\u00fcr Unter- und Aufputzinstallation angeboten.<br \/>\nDie Lichtrohre aus einem Diffusormaterial mit hoher Lichttransmission, sehr guter Lichtstreuung und Farb\u00fcbereinstimmung erzeugen ein gleichm\u00e4\u00dfiges Licht. Lichtfarben von 2700k, 3000k, 400k, 6000k bis bicolour 2700-6300k<br \/>\nk\u00f6nnen ausgew\u00e4hlt werden. Die Leistung pro Meter betr\u00e4gt 15W mit 1470lm, 20W mit 2600lm oder 24W mit 2760lm mit einem CRI>90. Die Lichtrohre sind dimmbar. Die Netzteile haben universell eine DALI und 1-10V Schnittstelle.<\/p>\n<p>Customizing ist Standard<br \/>\nF\u00fcr Ihre Projekte fertigen wir die Tube 38 Lichtrohre individuell in gew\u00fcnschten<br \/>\nL\u00e4ngen, Farben und mit ausgew\u00e4hlter Lichttechnik.<\/p>\n<p>Design: Achim Jungbluth<\/p>\n<p><a href=\"https:\/\/www.lff.de\/images\/details\/LFF-Lightpole2500.pdf\">Details zu diesem Produkt <img src=\"https:\/\/www.lff.de\/wp-content\/uploads\/2021\/03\/pdficon_small.png\" \/><\/a><\/p>\n<p><a href=\"https:\/\/www.lff.de\/projekte\/led\/adl\/\">Projekte zu diesem Produkt<\/a><\/p>\n<p><a href=\"mailto:lff@lff.de?subject=COAX-Lightpole-2500\">Fragen zu diesem Produkt<\/a><\/p>\n<\/div><\/div><\/div><style type=\"text\/css\">.fusion-body .fusion-builder-column-1{width:66.6666666667% !important;margin-top : 0px;margin-bottom : 20px;}.fusion-builder-column-1 > .fusion-column-wrapper {padding-top : 0px !important;padding-right : 0px !important;margin-right : 2.88%;padding-bottom : 0px !important;padding-left : 0px !important;margin-left : 2.88%;}@media only screen and (max-width:1024px) {.fusion-body .fusion-builder-column-1{width:66.6666666667% !important;order : 0;}.fusion-builder-column-1 > .fusion-column-wrapper {margin-right : 2.88%;margin-left : 2.88%;}}@media only screen and (max-width:640px) {.fusion-body .fusion-builder-column-1{width:100% !important;order : 0;}.fusion-builder-column-1 > .fusion-column-wrapper {margin-right : 1.92%;margin-left : 1.92%;}}<\/style><\/div><style type=\"text\/css\">.fusion-body .fusion-flex-container.fusion-builder-row-1{ padding-top : 0px;margin-top : 0px;padding-right : 0px;padding-bottom : 0px;margin-bottom : 0px;padding-left : 0px;}<\/style><\/div>\n","protected":false},"excerpt":{"rendered":"","protected":false},"author":1,"featured_media":0,"parent":6,"menu_order":0,"comment_status":"closed","ping_status":"closed","template":"","meta":[],"_links":{"self":[{"href":"https:\/\/www.lff.de\/en\/wp-json\/wp\/v2\/pages\/127"}],"collection":[{"href":"https:\/\/www.lff.de\/en\/wp-json\/wp\/v2\/pages"}],"about":[{"href":"https:\/\/www.lff.de\/en\/wp-json\/wp\/v2\/types\/page"}],"author":[{"embeddable":true,"href":"https:\/\/www.lff.de\/en\/wp-json\/wp\/v2\/users\/1"}],"replies":[{"embeddable":true,"href":"https:\/\/www.lff.de\/en\/wp-json\/wp\/v2\/comments?post=127"}],"version-history":[{"count":22,"href":"https:\/\/www.lff.de\/en\/wp-json\/wp\/v2\/pages\/127\/revisions"}],"predecessor-version":[{"id":1509,"href":"https:\/\/www.lff.de\/en\/wp-json\/wp\/v2\/pages\/127\/revisions\/1509"}],"up":[{"embeddable":true,"href":"https:\/\/www.lff.de\/en\/wp-json\/wp\/v2\/pages\/6"}],"wp:attachment":[{"href":"https:\/\/www.lff.de\/en\/wp-json\/wp\/v2\/media?parent=127"}],"curies":[{"name":"wp","href":"https:\/\/api.w.org\/{rel}","templated":true}]}}