{"id":1479,"date":"2021-04-19T14:46:49","date_gmt":"2021-04-19T12:46:49","guid":{"rendered":"http:\/\/wordpress.lff.de.w0173c86.kasserver.com\/?page_id=1479"},"modified":"2021-04-19T16:21:51","modified_gmt":"2021-04-19T14:21:51","slug":"co-ax-system","status":"publish","type":"page","link":"https:\/\/www.lff.de\/en\/produkte\/co-ax-system-led\/co-ax-system\/","title":{"rendered":"CO-AX System"},"content":{"rendered":"<div class=\"fusion-fullwidth fullwidth-box fusion-builder-row-1 fusion-flex-container nonhundred-percent-fullwidth non-hundred-percent-height-scrolling\" style=\"background-color: rgba(255,255,255,0);background-position: center center;background-repeat: no-repeat;border-width: 0px 0px 0px 0px;border-color:#e2e2e2;border-style:solid;\" ><div class=\"fusion-builder-row fusion-row fusion-flex-align-items-flex-start\" style=\"max-width:1248px;margin-left: calc(-4% \/ 2 );margin-right: calc(-4% \/ 2 );\"><div class=\"fusion-layout-column fusion_builder_column fusion-builder-column-0 fusion_builder_column_1_3 1_3 fusion-flex-column\"><div class=\"fusion-column-wrapper fusion-flex-justify-content-flex-start fusion-content-layout-column\" style=\"background-position:left top;background-repeat:no-repeat;-webkit-background-size:cover;-moz-background-size:cover;-o-background-size:cover;background-size:cover;padding: 0px 0px 0px 0px;\"><div ><span class=\" fusion-imageframe imageframe-none imageframe-1 hover-type-none\"><a href=\"https:\/\/www.lff.de\/wp-content\/uploads\/2021\/04\/CO-AX-System.jpg\" class=\"fusion-lightbox\" data-rel=\"iLightbox[d9fbb6395413be5b8e4]\" data-title=\"CO-AX-System\" title=\"CO-AX-System\"><img width=\"539\" height=\"538\" alt=\"CO-AX-System\" src=\"https:\/\/www.lff.de\/wp-content\/uploads\/2021\/04\/CO-AX-System.jpg\" class=\"img-responsive wp-image-1481\" srcset=\"https:\/\/www.lff.de\/wp-content\/uploads\/2021\/04\/CO-AX-System-200x200.jpg 200w, https:\/\/www.lff.de\/wp-content\/uploads\/2021\/04\/CO-AX-System-400x399.jpg 400w, https:\/\/www.lff.de\/wp-content\/uploads\/2021\/04\/CO-AX-System.jpg 539w\" sizes=\"(max-width: 640px) 100vw, 400px\" \/><\/a><\/span><\/div><\/div><\/div><style type=\"text\/css\">.fusion-body .fusion-builder-column-0{width:33.3333333333% !important;margin-top : 0px;margin-bottom : 20px;}.fusion-builder-column-0 > .fusion-column-wrapper {padding-top : 0px !important;padding-right : 0px !important;margin-right : 5.76%;padding-bottom : 0px !important;padding-left : 0px !important;margin-left : 5.76%;}@media only screen and (max-width:1024px) {.fusion-body .fusion-builder-column-0{width:33.3333333333% !important;order : 0;}.fusion-builder-column-0 > .fusion-column-wrapper {margin-right : 5.76%;margin-left : 5.76%;}}@media only screen and (max-width:640px) {.fusion-body .fusion-builder-column-0{width:100% !important;order : 0;}.fusion-builder-column-0 > .fusion-column-wrapper {margin-right : 1.92%;margin-left : 1.92%;}}<\/style><div class=\"fusion-layout-column fusion_builder_column fusion-builder-column-1 fusion_builder_column_2_3 2_3 fusion-flex-column\"><div class=\"fusion-column-wrapper fusion-flex-justify-content-flex-start fusion-content-layout-column\" style=\"background-position:left top;background-repeat:no-repeat;-webkit-background-size:cover;-moz-background-size:cover;-o-background-size:cover;background-size:cover;padding: 0px 0px 0px 0px;\"><div class=\"fusion-text fusion-text-1\" style=\"transform:translate3d(0,0,0);\"><p>CO-AX<\/p>\n<p>Leistungsf\u00e4higkeit und Sicherheit bestimmen Form und Funktion. Das CO-AX Niedervolt-Stromschienen-System besteht aus zwei ineinander liegenden, voneinander isolierten, galvanisierten Messingrohren.<br \/>\nDieses Prinzip erm\u00f6glicht bei lediglich 18 mm Durchmesser maximal elektrisch leitende Querschnitte und Kurzschluss Sicherheit.<br \/>\nSysteml\u00e4ngen von 20 Metern L\u00e4nge sind bis 500 W Leistung problemlos zu realisieren.<br \/>\nDie Stromschienen sind in genormten L\u00e4ngen bis drei Meter lieferbar. Mit einer Metalls\u00e4ge lassen sich die Schienen vor Ort auf jedes Ma\u00df zuschneiden.<br \/>\nDar\u00fcber hinaus k\u00f6nnen die Stromschienen werksseitig in Kreise, Segmente und freie Formen gebogen werden. Stromschienenverbinder als Winkel-, T-, Kreuz-oder als Flex St\u00fccke erweitern die Gestaltungsm\u00f6glichkeiten. Federadapter an den Strahlerleuchten und den Lichtpunkten erm\u00f6glichen deren leichtes An Klipsen an die Stromschienen.<br \/>\nMit 20 bis 90 Watt Leistung und einer Abstrahlcharakteristik von 5 bis 60 Grad stehen Strahlerleuchten zur Verf\u00fcgung, die f\u00fcr jede Anwendung das optimale Licht anbieten.<\/p>\n<p>Design: Achim Jungbluth<\/p>\n<p>Werner B. G\u00fcnther<\/p>\n<p><a href=\"https:\/\/www.lff.de\/images\/details\/CO-AX-Sytem-Komponenten.pdf\">Details zu diesem Produkt <img src=\"https:\/\/www.lff.de\/wp-content\/uploads\/2021\/03\/pdficon_small.png\" \/><\/a><\/p>\n<p>Projekte zu diesem Produkt<\/p>\n<p><a href=\"mailto:lff@lff.de?subject=CO-AX\">Fragen zu diesem Produkt<\/a><\/p>\n<\/div><\/div><\/div><style type=\"text\/css\">.fusion-body .fusion-builder-column-1{width:66.6666666667% !important;margin-top : 0px;margin-bottom : 20px;}.fusion-builder-column-1 > .fusion-column-wrapper {padding-top : 0px !important;padding-right : 0px !important;margin-right : 2.88%;padding-bottom : 0px !important;padding-left : 0px !important;margin-left : 2.88%;}@media only screen and (max-width:1024px) {.fusion-body .fusion-builder-column-1{width:66.6666666667% !important;order : 0;}.fusion-builder-column-1 > .fusion-column-wrapper {margin-right : 2.88%;margin-left : 2.88%;}}@media only screen and (max-width:640px) {.fusion-body .fusion-builder-column-1{width:100% !important;order : 0;}.fusion-builder-column-1 > .fusion-column-wrapper {margin-right : 1.92%;margin-left : 1.92%;}}<\/style><\/div><style type=\"text\/css\">.fusion-body .fusion-flex-container.fusion-builder-row-1{ padding-top : 0px;margin-top : 0px;padding-right : 0px;padding-bottom : 0px;margin-bottom : 0px;padding-left : 0px;}<\/style><\/div>\n","protected":false},"excerpt":{"rendered":"","protected":false},"author":1,"featured_media":0,"parent":173,"menu_order":0,"comment_status":"closed","ping_status":"closed","template":"","meta":[],"_links":{"self":[{"href":"https:\/\/www.lff.de\/en\/wp-json\/wp\/v2\/pages\/1479"}],"collection":[{"href":"https:\/\/www.lff.de\/en\/wp-json\/wp\/v2\/pages"}],"about":[{"href":"https:\/\/www.lff.de\/en\/wp-json\/wp\/v2\/types\/page"}],"author":[{"embeddable":true,"href":"https:\/\/www.lff.de\/en\/wp-json\/wp\/v2\/users\/1"}],"replies":[{"embeddable":true,"href":"https:\/\/www.lff.de\/en\/wp-json\/wp\/v2\/comments?post=1479"}],"version-history":[{"count":6,"href":"https:\/\/www.lff.de\/en\/wp-json\/wp\/v2\/pages\/1479\/revisions"}],"predecessor-version":[{"id":1489,"href":"https:\/\/www.lff.de\/en\/wp-json\/wp\/v2\/pages\/1479\/revisions\/1489"}],"up":[{"embeddable":true,"href":"https:\/\/www.lff.de\/en\/wp-json\/wp\/v2\/pages\/173"}],"wp:attachment":[{"href":"https:\/\/www.lff.de\/en\/wp-json\/wp\/v2\/media?parent=1479"}],"curies":[{"name":"wp","href":"https:\/\/api.w.org\/{rel}","templated":true}]}}