{"id":1519,"date":"2025-03-17T19:03:06","date_gmt":"2025-03-17T18:03:06","guid":{"rendered":"https:\/\/www.lff.de\/?page_id=1519"},"modified":"2025-03-18T18:24:27","modified_gmt":"2025-03-18T17:24:27","slug":"tube150-vertikal-multiple","status":"publish","type":"page","link":"https:\/\/www.lff.de\/en\/produkte\/tube150-vertikal-multiple\/","title":{"rendered":"Tube150 vertikal multiple"},"content":{"rendered":"<div class=\"fusion-fullwidth fullwidth-box fusion-builder-row-1 fusion-flex-container nonhundred-percent-fullwidth non-hundred-percent-height-scrolling\" style=\"background-color: rgba(255,255,255,0);background-position: center center;background-repeat: no-repeat;border-width: 0px 0px 0px 0px;border-color:#e2e2e2;border-style:solid;\" ><div class=\"fusion-builder-row fusion-row fusion-flex-align-items-flex-start\" style=\"max-width:1248px;margin-left: calc(-4% \/ 2 );margin-right: calc(-4% \/ 2 );\"><div class=\"fusion-layout-column fusion_builder_column fusion-builder-column-0 fusion_builder_column_1_3 1_3 fusion-flex-column\"><div class=\"fusion-column-wrapper fusion-flex-justify-content-flex-start fusion-content-layout-column\" style=\"background-position:left top;background-repeat:no-repeat;-webkit-background-size:cover;-moz-background-size:cover;-o-background-size:cover;background-size:cover;padding: 0px 0px 0px 0px;\"><div ><span class=\" fusion-imageframe imageframe-none imageframe-1 hover-type-none\"><img width=\"1024\" height=\"683\" title=\"Bitmap in website-2025-Startseite-direkt-Tube80+150-02\" src=\"https:\/\/www.lff.de\/wp-content\/uploads\/2025\/03\/Bitmap-in-website-2025-Startseite-direkt-Tube80150-02-1-1024x683.jpg\" class=\"img-responsive wp-image-1538\" srcset=\"https:\/\/www.lff.de\/wp-content\/uploads\/2025\/03\/Bitmap-in-website-2025-Startseite-direkt-Tube80150-02-1-200x133.jpg 200w, https:\/\/www.lff.de\/wp-content\/uploads\/2025\/03\/Bitmap-in-website-2025-Startseite-direkt-Tube80150-02-1-400x267.jpg 400w, https:\/\/www.lff.de\/wp-content\/uploads\/2025\/03\/Bitmap-in-website-2025-Startseite-direkt-Tube80150-02-1-600x400.jpg 600w, https:\/\/www.lff.de\/wp-content\/uploads\/2025\/03\/Bitmap-in-website-2025-Startseite-direkt-Tube80150-02-1-800x533.jpg 800w, https:\/\/www.lff.de\/wp-content\/uploads\/2025\/03\/Bitmap-in-website-2025-Startseite-direkt-Tube80150-02-1-1200x800.jpg 1200w\" sizes=\"(max-width: 640px) 100vw, 400px\" \/><\/span><\/div><div class=\"fusion-separator fusion-full-width-sep\" style=\"align-self: center;margin-left: auto;margin-right: auto;margin-top:50px;width:100%;\"><\/div><style type=\"text\/css\">.fusion-gallery-1 .fusion-gallery-image {border:0px solid #e2e2e2;}<\/style><div class=\"fusion-gallery fusion-gallery-container fusion-grid-3 fusion-columns-total-8 fusion-gallery-layout-grid fusion-gallery-1\" style=\"margin:-5px;\"><div style=\"padding:5px;\" class=\"fusion-grid-column fusion-gallery-column fusion-gallery-column-3 hover-type-none\"><div class=\"fusion-gallery-image\"><a href=\"https:\/\/www.lff.de\/wp-content\/uploads\/2025\/03\/DUS00018-1-scaled.jpg\" rel=\"noreferrer\" data-rel=\"iLightbox[gallery_image_1]\" class=\"fusion-lightbox\" target=\"_self\"><img src=\"https:\/\/www.lff.de\/wp-content\/uploads\/2025\/03\/DUS00018-1-460x295.jpg\" width=\"460\" height=\"295\" alt=\"\" title=\"DUS00018-1\" aria-label=\"DUS00018-1\" class=\"img-responsive wp-image-1529 fusion-gallery-image-size-fixed\" \/><\/a><\/div><\/div><div style=\"padding:5px;\" class=\"fusion-grid-column fusion-gallery-column fusion-gallery-column-3 hover-type-none\"><div class=\"fusion-gallery-image\"><a href=\"https:\/\/www.lff.de\/wp-content\/uploads\/2025\/03\/DUS00029-1-scaled.jpg\" rel=\"noreferrer\" data-rel=\"iLightbox[gallery_image_1]\" class=\"fusion-lightbox\" target=\"_self\"><img src=\"https:\/\/www.lff.de\/wp-content\/uploads\/2025\/03\/DUS00029-1-460x295.jpg\" width=\"460\" height=\"295\" alt=\"\" title=\"DUS00029-1\" aria-label=\"DUS00029-1\" class=\"img-responsive wp-image-1530 fusion-gallery-image-size-fixed\" \/><\/a><\/div><\/div><div style=\"padding:5px;\" class=\"fusion-grid-column fusion-gallery-column fusion-gallery-column-3 hover-type-none\"><div class=\"fusion-gallery-image\"><a href=\"https:\/\/www.lff.de\/wp-content\/uploads\/2025\/03\/DUS00033-1-scaled.jpg\" rel=\"noreferrer\" data-rel=\"iLightbox[gallery_image_1]\" class=\"fusion-lightbox\" target=\"_self\"><img src=\"https:\/\/www.lff.de\/wp-content\/uploads\/2025\/03\/DUS00033-1-460x295.jpg\" width=\"460\" height=\"295\" alt=\"\" title=\"DUS00033-1\" aria-label=\"DUS00033-1\" class=\"img-responsive wp-image-1531 fusion-gallery-image-size-fixed\" \/><\/a><\/div><\/div><div class=\"clearfix\"><\/div><div style=\"padding:5px;\" class=\"fusion-grid-column fusion-gallery-column fusion-gallery-column-3 hover-type-none\"><div class=\"fusion-gallery-image\"><a href=\"https:\/\/www.lff.de\/wp-content\/uploads\/2025\/03\/DUS00078-1-scaled.jpg\" rel=\"noreferrer\" data-rel=\"iLightbox[gallery_image_1]\" class=\"fusion-lightbox\" target=\"_self\"><img src=\"https:\/\/www.lff.de\/wp-content\/uploads\/2025\/03\/DUS00078-1-460x295.jpg\" width=\"460\" height=\"295\" alt=\"\" title=\"DUS00078-1\" aria-label=\"DUS00078-1\" class=\"img-responsive wp-image-1532 fusion-gallery-image-size-fixed\" \/><\/a><\/div><\/div><div style=\"padding:5px;\" class=\"fusion-grid-column fusion-gallery-column fusion-gallery-column-3 hover-type-none\"><div class=\"fusion-gallery-image\"><a href=\"https:\/\/www.lff.de\/wp-content\/uploads\/2025\/03\/DUS00111-1-scaled.jpg\" rel=\"noreferrer\" data-rel=\"iLightbox[gallery_image_1]\" class=\"fusion-lightbox\" target=\"_self\"><img src=\"https:\/\/www.lff.de\/wp-content\/uploads\/2025\/03\/DUS00111-1-460x295.jpg\" width=\"460\" height=\"295\" alt=\"\" title=\"DUS00111-1\" aria-label=\"DUS00111-1\" class=\"img-responsive wp-image-1533 fusion-gallery-image-size-fixed\" \/><\/a><\/div><\/div><div style=\"padding:5px;\" class=\"fusion-grid-column fusion-gallery-column fusion-gallery-column-3 hover-type-none\"><div class=\"fusion-gallery-image\"><a href=\"https:\/\/www.lff.de\/wp-content\/uploads\/2025\/03\/DUS00135-1-scaled.jpg\" rel=\"noreferrer\" data-rel=\"iLightbox[gallery_image_1]\" class=\"fusion-lightbox\" target=\"_self\"><img src=\"https:\/\/www.lff.de\/wp-content\/uploads\/2025\/03\/DUS00135-1-460x295.jpg\" width=\"460\" height=\"295\" alt=\"\" title=\"DUS00135-1\" aria-label=\"DUS00135-1\" class=\"img-responsive wp-image-1534 fusion-gallery-image-size-fixed\" \/><\/a><\/div><\/div><div class=\"clearfix\"><\/div><div style=\"padding:5px;\" class=\"fusion-grid-column fusion-gallery-column fusion-gallery-column-3 hover-type-none\"><div class=\"fusion-gallery-image\"><a href=\"https:\/\/www.lff.de\/wp-content\/uploads\/2025\/03\/DUS00190-1-scaled.jpg\" rel=\"noreferrer\" data-rel=\"iLightbox[gallery_image_1]\" class=\"fusion-lightbox\" target=\"_self\"><img src=\"https:\/\/www.lff.de\/wp-content\/uploads\/2025\/03\/DUS00190-1-460x295.jpg\" width=\"460\" height=\"295\" alt=\"\" title=\"DUS00190-1\" aria-label=\"DUS00190-1\" class=\"img-responsive wp-image-1514 fusion-gallery-image-size-fixed\" \/><\/a><\/div><\/div><div style=\"padding:5px;\" class=\"fusion-grid-column fusion-gallery-column fusion-gallery-column-3 hover-type-none\"><div class=\"fusion-gallery-image\"><a href=\"https:\/\/www.lff.de\/wp-content\/uploads\/2025\/03\/DUS00200-1-scaled.jpg\" rel=\"noreferrer\" data-rel=\"iLightbox[gallery_image_1]\" class=\"fusion-lightbox\" target=\"_self\"><img src=\"https:\/\/www.lff.de\/wp-content\/uploads\/2025\/03\/DUS00200-1-460x295.jpg\" width=\"460\" height=\"295\" alt=\"\" title=\"DUS00200-1\" aria-label=\"DUS00200-1\" class=\"img-responsive wp-image-1536 fusion-gallery-image-size-fixed\" \/><\/a><\/div><\/div><\/div><\/div><\/div><style type=\"text\/css\">.fusion-body .fusion-builder-column-0{width:33.3333333333% !important;margin-top : 0px;margin-bottom : 20px;}.fusion-builder-column-0 > .fusion-column-wrapper {padding-top : 0px !important;padding-right : 0px !important;margin-right : 5.76%;padding-bottom : 0px !important;padding-left : 0px !important;margin-left : 5.76%;}@media only screen and (max-width:1024px) {.fusion-body .fusion-builder-column-0{width:33.3333333333% !important;order : 0;}.fusion-builder-column-0 > .fusion-column-wrapper {margin-right : 5.76%;margin-left : 5.76%;}}@media only screen and (max-width:640px) {.fusion-body .fusion-builder-column-0{width:100% !important;order : 0;}.fusion-builder-column-0 > .fusion-column-wrapper {margin-right : 1.92%;margin-left : 1.92%;}}<\/style><div class=\"fusion-layout-column fusion_builder_column fusion-builder-column-1 fusion_builder_column_2_3 2_3 fusion-flex-column\"><div class=\"fusion-column-wrapper fusion-flex-justify-content-flex-start fusion-content-layout-column\" style=\"background-position:left top;background-repeat:no-repeat;-webkit-background-size:cover;-moz-background-size:cover;-o-background-size:cover;background-size:cover;padding: 0px 0px 0px 0px;\"><div class=\"fusion-text fusion-text-1\" style=\"transform:translate3d(0,0,0);\"><p><strong>Tube150 Pendelleuchten vertikal, multiple<\/strong><br \/>\nsind aufgrund der vom Aufh\u00e4ngungspunkt bis zum Ende durchg\u00e4ngigen Seilf\u00fchrung hervorragende geeignet<br \/>\nf\u00fcr die vertikale, mehrfache Anordnung untereinander und sind damit ideale Leuchten f\u00fcr Treppenh\u00e4user,<br \/>\nTreppenaugen, Hallen oder hoher Foyers.<br \/>\nDie Lichtrohre D=150mm, aus einem Diffusormaterial mit hoher Lichttransmission, sehr guter Lichtstreuung<br \/>\nu n d Farb\u00fcbereinstimmung erzeugen ein gleichm\u00e4\u00dfiges Licht.<br \/>\nDie Metallteile sind pulverbeschichtet in der Farbe RAL 9016 seidenmatt, RAL nach Wahl<br \/>\noder aus massivem Messing, feingeb\u00fcrstet.<br \/>\nDie Leuchten sind mit zwei 3mm Seilabh\u00e4ngungen und einer Zuleitung, weiss, schwarz oder klar,<br \/>\n3 x 1,5mm* (5 x 1,5mm*), L\u00e4nge jeweilig bis 3000 mm, stufenlos h\u00f6henverstellbar, ausger\u00fcstet.<br \/>\nDurchg\u00e4ngig, 4-seitig, sind lineare LED Platinen eingebaut, pro Meter bis 87W, bis zu 9936lm, CRI>90,<br \/>\nMac Adam: 3step, L-Wert: 80, B-Wert: 10, 50000h \/ ta. 55\u00b0C. Lichtfarben von 2700k, 3000k, 4000k,<br \/>\n6500k oder bicolor 2700-6300k k\u00f6nnen ausgew\u00e4hlt werden.<br \/>\nDie Tube80 Leuchten sind dimmbar. Die integrierten Netzteile werden on \/ off, mit DALI,<br \/>\n1-10V, oder CASAMBI Schnittstelle angeboten.<\/p>\n<p>Schutzklasse: I Schutzart: IP20<br \/>\nGewicht: 1000mm L\u00e4nge ca. 7,5kg<\/p>\n<p><strong>Customizing ist Standard<\/strong><br \/>\nF\u00fcr Ihre Projekte fertigen wir die Tube150 Lichtrohre individuell in gew\u00fcnschten L\u00e4ngen, Farben, mit ausgew\u00e4hlter Lichttechnik und Montageplatten oder Aufh\u00e4ngungen<\/p>\n<p><strong>Projekt<\/strong>:<br \/>\nTreppenhaus Lichtstruktur Berlin<\/p>\n<p><strong>Entwurf<\/strong>:<br \/>\nD\u00f6rner + Partner Achitekten<br \/>\nEberswalde<br \/>\nAlexander Zemke<\/p>\n<p><em><strong>Design: Achim Jungbluth<\/strong><\/em><\/p>\n<p><strong><a href=\"https:\/\/www.lff.de\/wp-content\/uploads\/2025\/03\/Flyer-Tube-150-multiple-LFF-Leuchten-2025-01.pdf\" target=\"_blank\" rel=\"alternate noopener noreferrer\">Details zu diesem Produkt <img src=\"https:\/\/www.lff.de\/wp-content\/uploads\/2021\/03\/pdficon_small.png\" alt=\"\" border=\"0\" \/><\/a><\/strong><\/p>\n<p><span id=\"cloakc8d5145e5f20af3a692b59c19ce1ea67\"><a href=\"mailto:lff@lff.de?subject=Tube150-Pendelleuchten-vertikal\">Fragen zu diesem Produkt<\/a><br \/>\n<\/span><\/p>\n<p><strong>Fotos:<\/strong><br \/>\nDustin Pr\u00f6bstl Berlin<\/p>\n<\/div><\/div><\/div><style type=\"text\/css\">.fusion-body .fusion-builder-column-1{width:66.6666666667% !important;margin-top : 0px;margin-bottom : 20px;}.fusion-builder-column-1 > .fusion-column-wrapper {padding-top : 0px !important;padding-right : 0px !important;margin-right : 2.88%;padding-bottom : 0px !important;padding-left : 0px !important;margin-left : 2.88%;}@media only screen and (max-width:1024px) {.fusion-body .fusion-builder-column-1{width:66.6666666667% !important;order : 0;}.fusion-builder-column-1 > .fusion-column-wrapper {margin-right : 2.88%;margin-left : 2.88%;}}@media only screen and (max-width:640px) {.fusion-body .fusion-builder-column-1{width:100% !important;order : 0;}.fusion-builder-column-1 > .fusion-column-wrapper {margin-right : 1.92%;margin-left : 1.92%;}}<\/style><\/div><style type=\"text\/css\">.fusion-body .fusion-flex-container.fusion-builder-row-1{ padding-top : 0px;margin-top : 0px;padding-right : 0px;padding-bottom : 0px;margin-bottom : 0px;padding-left : 0px;}<\/style><\/div>\n","protected":false},"excerpt":{"rendered":"","protected":false},"author":1,"featured_media":0,"parent":6,"menu_order":0,"comment_status":"closed","ping_status":"closed","template":"","meta":[],"_links":{"self":[{"href":"https:\/\/www.lff.de\/en\/wp-json\/wp\/v2\/pages\/1519"}],"collection":[{"href":"https:\/\/www.lff.de\/en\/wp-json\/wp\/v2\/pages"}],"about":[{"href":"https:\/\/www.lff.de\/en\/wp-json\/wp\/v2\/types\/page"}],"author":[{"embeddable":true,"href":"https:\/\/www.lff.de\/en\/wp-json\/wp\/v2\/users\/1"}],"replies":[{"embeddable":true,"href":"https:\/\/www.lff.de\/en\/wp-json\/wp\/v2\/comments?post=1519"}],"version-history":[{"count":10,"href":"https:\/\/www.lff.de\/en\/wp-json\/wp\/v2\/pages\/1519\/revisions"}],"predecessor-version":[{"id":1610,"href":"https:\/\/www.lff.de\/en\/wp-json\/wp\/v2\/pages\/1519\/revisions\/1610"}],"up":[{"embeddable":true,"href":"https:\/\/www.lff.de\/en\/wp-json\/wp\/v2\/pages\/6"}],"wp:attachment":[{"href":"https:\/\/www.lff.de\/en\/wp-json\/wp\/v2\/media?parent=1519"}],"curies":[{"name":"wp","href":"https:\/\/api.w.org\/{rel}","templated":true}]}}